{"id":340,"date":"2018-10-15T17:52:26","date_gmt":"2018-10-15T15:52:26","guid":{"rendered":"http:\/\/test.infco-services.fr\/test\/Cardoseti\/?page_id=3"},"modified":"2020-05-30T12:12:24","modified_gmt":"2020-05-30T10:12:24","slug":"politique-de-confidentialite","status":"publish","type":"page","link":"https:\/\/cardoseti.fr\/index.php\/politique-de-confidentialite\/","title":{"rendered":"Politique de confidentialit\u00e9"},"content":{"rendered":"<h1>Cat\u00e9gories de donn\u00e9es collect\u00e9es\u00a0:<\/h1>\n<p>Courrier \u00e9lectronique (Email)<br \/>\nNom &amp; Pr\u00e9nom<br \/>\nNom de l\u2019\u00e9tablissement \u2013 Soci\u00e9t\u00e9<br \/>\nEmail<br \/>\nNum\u00e9ro de t\u00e9l\u00e9phone<\/p>\n<p>En fournissant ces informations, vous acceptez express\u00e9ment qu\u2019elles soient trait\u00e9es par la soci\u00e9t\u00e9 CARDOSETI, aux fins indiqu\u00e9es au point 3.<br \/>\nConform\u00e9ment au R\u00e8glement G\u00e9n\u00e9ral sur la Protection des Donn\u00e9es (General Data Protection R\u00e9gulation) adopt\u00e9 par le Parlement europ\u00e9en le 14 avril 2016, et \u00e0 la Loi Informatique et Libert\u00e9s du 6 janvier 1978 modifi\u00e9e, la soci\u00e9t\u00e9 CARDOSETI, vous informe des points suivants :<\/p>\n<h1>Identit\u00e9 du responsable du traitement<\/h1>\n<p>Le responsable du traitement est M Serge Amadeo et la soci\u00e9t\u00e9 CARDOSETI, ayant le si\u00e8ge social au 356 chemin du moulin du Redon 83640 SAINT ZACHARIE \u2013 France.<br \/>\nEmail :\u00a0<a href=\"mailto:commercial@cardoseti.fr\">commercial@cardoseti.fr<\/a><\/p>\n<h1>Finalit\u00e9s du traitement<\/h1>\n<p>La soci\u00e9t\u00e9 CARDOSETI est susceptible de traiter vos Informations Personnelles aux fins de vous fournir les informations ou les services que vous avez demand\u00e9 de recevoir.<\/p>\n<h1>Destinataires<\/h1>\n<p>Seule la soci\u00e9t\u00e9 CARDOSETI, est destinataire de vos Informations Personnelles. Celles-ci, que ce soit sous forme individuelle ou agr\u00e9g\u00e9e, ne sont jamais transmises \u00e0 un tiers, nonobstant les sous-traitants auxquels la soci\u00e9t\u00e9 CARDOSETI, font appel.<br \/>\nNi la soci\u00e9t\u00e9 CARDOSETI, ni l\u2019un quelconque de ses sous-traitants, ne proc\u00e8dent \u00e0 la commercialisation des donn\u00e9es personnelles des visiteurs et Utilisateurs de son Site.<\/p>\n<h1>Dur\u00e9e de conservation<\/h1>\n<p>Vos Informations Personnelles sont conserv\u00e9es par la soci\u00e9t\u00e9 CARDOSETI, uniquement pour le temps correspondant \u00e0 la finalit\u00e9 de la collecte tel qu\u2019indiqu\u00e9 en 3 ci-dessus.<\/p>\n<h1>Droits Informatique et Libert\u00e9s<\/h1>\n<p>Vous disposez des droits suivants concernant vos Informations Personnelles, que vous pouvez exercer en nous \u00e9crivant \u00e0 l\u2019adresse email (commercial@cardoseti.fr), \u00e0 l\u2019adresse postale \u2013 356 chemin du moulin du Redon 83640 SAINT ZACHARIE \u2013 ou en utilisant le formulaire de contact pr\u00e9sent sur le Site \u00e0 l\u2019adresse url suivante : <a href=\"http:\/\/www.cardoseti.fr\">http:\/\/www.cardoseti.fr<\/a><\/p>\n<p><u>Droit d\u2019acc\u00e8s et de communication des donn\u00e9es<\/u><\/p>\n<p>Vous avez la facult\u00e9 d\u2019acc\u00e9der aux Informations Personnelles qui vous concernent. Cependant, en raison de l\u2019obligation de s\u00e9curit\u00e9 et de confidentialit\u00e9 dans le traitement des donn\u00e9es \u00e0 caract\u00e8re personnel qui incombent \u00e0 la soci\u00e9t\u00e9 CARDOSETI vous \u00eates inform\u00e9 que votre demande sera trait\u00e9e sous r\u00e9serve que vous rapportiez la preuve de votre identit\u00e9.<\/p>\n<p>La soci\u00e9t\u00e9 CARDOSETI vous informe qu\u2019elle sera en droit, le cas \u00e9ch\u00e9ant, de s\u2019opposer aux demandes manifestement abusives (de par leur nombre, leur caract\u00e8re r\u00e9p\u00e9titif ou syst\u00e9matique). Pour vous aider dans votre d\u00e9marche, notamment si vous d\u00e9sirez exercer votre droit d\u2019acc\u00e8s par le biais d\u2019une demande \u00e9crite \u00e0 l\u2019adresse postale mentionn\u00e9e au point 1, vous trouverez en cliquant sur le lien suivant un mod\u00e8le de courrier \u00e9labor\u00e9 par la Commission Nationale de l\u2019Informatique et des Libert\u00e9s (la \u00ab CNIL \u00bb).<br \/>\n<a href=\"https:\/\/www.cnil.fr\/fr\/modele\/courrier\/exercer-son-droit-dacces\" target=\"_blank\" rel=\"noopener noreferrer\">https:\/\/www.cnil.fr\/fr\/modele\/courrier\/exercer-son-droit-dacces<\/a><\/p>\n<p><u>Droit de rectification des donn\u00e9es<\/u><\/p>\n<p>Au titre de ce droit, la l\u00e9gislation vous habilite \u00e0 demander la rectification, la mise \u00e0 jour, le verrouillage ou encore l\u2019effacement des donn\u00e9es vous concernant qui peuvent s\u2019av\u00e9rer le cas \u00e9ch\u00e9ant inexactes, erron\u00e9es, incompl\u00e8tes ou obsol\u00e8tes. Vous pouvez \u00e9galement d\u00e9finir des directives g\u00e9n\u00e9rales et particuli\u00e8res relatives au sort des donn\u00e9es \u00e0 caract\u00e8re personnel apr\u00e8s votre d\u00e9c\u00e8s.<\/p>\n<h1>Plainte aupr\u00e8s de l\u2019autorit\u00e9 comp\u00e9tente<\/h1>\n<p>Si vous consid\u00e9rez que la soci\u00e9t\u00e9 CARDOSETI ne respecte pas ses obligations au regard de vos Informations Personnelles, vous pouvez adresser une plainte ou une demande aupr\u00e8s de l\u2019autorit\u00e9 comp\u00e9tente. En France, l\u2019autorit\u00e9 comp\u00e9tente est la CNIL \u00e0 laquelle vous pouvez adresser une demande par voie \u00e9lectronique en cliquant sur le lien suivant :<br \/>\n<a href=\"https:\/\/www.cnil.fr\/fr\/plaintes\/internet\" target=\"_blank\" rel=\"noopener noreferrer\">https:\/\/www.cnil.fr\/fr\/plaintes\/internet<\/a>.<\/p>\n","protected":false},"excerpt":{"rendered":"<p>Cat\u00e9gories de donn\u00e9es collect\u00e9es\u00a0: Courrier \u00e9lectronique (Email) Nom &amp; Pr\u00e9nom Nom de l\u2019\u00e9tablissement \u2013 Soci\u00e9t\u00e9 Email Num\u00e9ro de t\u00e9l\u00e9phone En fournissant ces informations, vous acceptez express\u00e9ment qu\u2019elles soient trait\u00e9es par la soci\u00e9t\u00e9 CARDOSETI, aux fins indiqu\u00e9es au point 3. Conform\u00e9ment au R\u00e8glement G\u00e9n\u00e9ral sur la Protection des Donn\u00e9es (General Data Protection R\u00e9gulation) adopt\u00e9 par le [&hellip;]<\/p>\n","protected":false},"author":1,"featured_media":0,"parent":0,"menu_order":0,"comment_status":"closed","ping_status":"closed","template":"","meta":{"_exactmetrics_skip_tracking":false,"_exactmetrics_sitenote_active":false,"_exactmetrics_sitenote_note":"","_exactmetrics_sitenote_category":0,"footnotes":""},"class_list":["post-340","page","type-page","status-publish","hentry","wpbf-post"],"yoast_head":"<!-- This site is optimized with the Yoast SEO plugin v27.6 - https:\/\/yoast.com\/product\/yoast-seo-wordpress\/ -->\n<title>Politique de confidentialit\u00e9 - CARDOSETI<\/title>\n<meta name=\"robots\" content=\"index, follow, max-snippet:-1, max-image-preview:large, max-video-preview:-1\" \/>\n<link rel=\"canonical\" href=\"https:\/\/cardoseti.fr\/index.php\/politique-de-confidentialite\/\" \/>\n<meta property=\"og:locale\" content=\"fr_FR\" \/>\n<meta property=\"og:type\" content=\"article\" \/>\n<meta property=\"og:title\" content=\"Politique de confidentialit\u00e9 - CARDOSETI\" \/>\n<meta property=\"og:description\" content=\"Cat\u00e9gories de donn\u00e9es collect\u00e9es\u00a0: Courrier \u00e9lectronique (Email) Nom &amp; Pr\u00e9nom Nom de l\u2019\u00e9tablissement \u2013 Soci\u00e9t\u00e9 Email Num\u00e9ro de t\u00e9l\u00e9phone En fournissant ces informations, vous acceptez express\u00e9ment qu\u2019elles soient trait\u00e9es par la soci\u00e9t\u00e9 CARDOSETI, aux fins indiqu\u00e9es au point 3. Conform\u00e9ment au R\u00e8glement G\u00e9n\u00e9ral sur la Protection des Donn\u00e9es (General Data Protection R\u00e9gulation) adopt\u00e9 par le [&hellip;]\" \/>\n<meta property=\"og:url\" content=\"https:\/\/cardoseti.fr\/index.php\/politique-de-confidentialite\/\" \/>\n<meta property=\"og:site_name\" content=\"CARDOSETI\" \/>\n<meta property=\"article:modified_time\" content=\"2020-05-30T10:12:24+00:00\" \/>\n<meta name=\"twitter:card\" content=\"summary_large_image\" \/>\n<meta name=\"twitter:label1\" content=\"Dur\u00e9e de lecture estim\u00e9e\" \/>\n\t<meta name=\"twitter:data1\" content=\"3 minutes\" \/>\n<script type=\"application\/ld+json\" class=\"yoast-schema-graph\">{\"@context\":\"https:\\\/\\\/schema.org\",\"@graph\":[{\"@type\":\"WebPage\",\"@id\":\"https:\\\/\\\/cardoseti.fr\\\/index.php\\\/politique-de-confidentialite\\\/\",\"url\":\"https:\\\/\\\/cardoseti.fr\\\/index.php\\\/politique-de-confidentialite\\\/\",\"name\":\"Politique de confidentialit\u00e9 - CARDOSETI\",\"isPartOf\":{\"@id\":\"https:\\\/\\\/cardoseti.fr\\\/#website\"},\"datePublished\":\"2018-10-15T15:52:26+00:00\",\"dateModified\":\"2020-05-30T10:12:24+00:00\",\"breadcrumb\":{\"@id\":\"https:\\\/\\\/cardoseti.fr\\\/index.php\\\/politique-de-confidentialite\\\/#breadcrumb\"},\"inLanguage\":\"fr-FR\",\"potentialAction\":[{\"@type\":\"ReadAction\",\"target\":[\"https:\\\/\\\/cardoseti.fr\\\/index.php\\\/politique-de-confidentialite\\\/\"]}]},{\"@type\":\"BreadcrumbList\",\"@id\":\"https:\\\/\\\/cardoseti.fr\\\/index.php\\\/politique-de-confidentialite\\\/#breadcrumb\",\"itemListElement\":[{\"@type\":\"ListItem\",\"position\":1,\"name\":\"Accueil\",\"item\":\"https:\\\/\\\/cardoseti.fr\\\/\"},{\"@type\":\"ListItem\",\"position\":2,\"name\":\"Politique de confidentialit\u00e9\"}]},{\"@type\":\"WebSite\",\"@id\":\"https:\\\/\\\/cardoseti.fr\\\/#website\",\"url\":\"https:\\\/\\\/cardoseti.fr\\\/\",\"name\":\"CARDOSETI\",\"description\":\"Machines de Fabrication Emballage &amp; Conditionnement\",\"publisher\":{\"@id\":\"https:\\\/\\\/cardoseti.fr\\\/#organization\"},\"potentialAction\":[{\"@type\":\"SearchAction\",\"target\":{\"@type\":\"EntryPoint\",\"urlTemplate\":\"https:\\\/\\\/cardoseti.fr\\\/?s={search_term_string}\"},\"query-input\":{\"@type\":\"PropertyValueSpecification\",\"valueRequired\":true,\"valueName\":\"search_term_string\"}}],\"inLanguage\":\"fr-FR\"},{\"@type\":\"Organization\",\"@id\":\"https:\\\/\\\/cardoseti.fr\\\/#organization\",\"name\":\"CARDOETI\",\"url\":\"https:\\\/\\\/cardoseti.fr\\\/\",\"logo\":{\"@type\":\"ImageObject\",\"inLanguage\":\"fr-FR\",\"@id\":\"https:\\\/\\\/cardoseti.fr\\\/#\\\/schema\\\/logo\\\/image\\\/\",\"url\":\"https:\\\/\\\/cardoseti.fr\\\/wp-content\\\/uploads\\\/2018\\\/10\\\/LogoV6.3.jpg\",\"contentUrl\":\"https:\\\/\\\/cardoseti.fr\\\/wp-content\\\/uploads\\\/2018\\\/10\\\/LogoV6.3.jpg\",\"width\":339,\"height\":143,\"caption\":\"CARDOETI\"},\"image\":{\"@id\":\"https:\\\/\\\/cardoseti.fr\\\/#\\\/schema\\\/logo\\\/image\\\/\"}}]}<\/script>\n<!-- \/ Yoast SEO plugin. -->","yoast_head_json":{"title":"Politique de confidentialit\u00e9 - CARDOSETI","robots":{"index":"index","follow":"follow","max-snippet":"max-snippet:-1","max-image-preview":"max-image-preview:large","max-video-preview":"max-video-preview:-1"},"canonical":"https:\/\/cardoseti.fr\/index.php\/politique-de-confidentialite\/","og_locale":"fr_FR","og_type":"article","og_title":"Politique de confidentialit\u00e9 - CARDOSETI","og_description":"Cat\u00e9gories de donn\u00e9es collect\u00e9es\u00a0: Courrier \u00e9lectronique (Email) Nom &amp; Pr\u00e9nom Nom de l\u2019\u00e9tablissement \u2013 Soci\u00e9t\u00e9 Email Num\u00e9ro de t\u00e9l\u00e9phone En fournissant ces informations, vous acceptez express\u00e9ment qu\u2019elles soient trait\u00e9es par la soci\u00e9t\u00e9 CARDOSETI, aux fins indiqu\u00e9es au point 3. Conform\u00e9ment au R\u00e8glement G\u00e9n\u00e9ral sur la Protection des Donn\u00e9es (General Data Protection R\u00e9gulation) adopt\u00e9 par le [&hellip;]","og_url":"https:\/\/cardoseti.fr\/index.php\/politique-de-confidentialite\/","og_site_name":"CARDOSETI","article_modified_time":"2020-05-30T10:12:24+00:00","twitter_card":"summary_large_image","twitter_misc":{"Dur\u00e9e de lecture estim\u00e9e":"3 minutes"},"schema":{"@context":"https:\/\/schema.org","@graph":[{"@type":"WebPage","@id":"https:\/\/cardoseti.fr\/index.php\/politique-de-confidentialite\/","url":"https:\/\/cardoseti.fr\/index.php\/politique-de-confidentialite\/","name":"Politique de confidentialit\u00e9 - CARDOSETI","isPartOf":{"@id":"https:\/\/cardoseti.fr\/#website"},"datePublished":"2018-10-15T15:52:26+00:00","dateModified":"2020-05-30T10:12:24+00:00","breadcrumb":{"@id":"https:\/\/cardoseti.fr\/index.php\/politique-de-confidentialite\/#breadcrumb"},"inLanguage":"fr-FR","potentialAction":[{"@type":"ReadAction","target":["https:\/\/cardoseti.fr\/index.php\/politique-de-confidentialite\/"]}]},{"@type":"BreadcrumbList","@id":"https:\/\/cardoseti.fr\/index.php\/politique-de-confidentialite\/#breadcrumb","itemListElement":[{"@type":"ListItem","position":1,"name":"Accueil","item":"https:\/\/cardoseti.fr\/"},{"@type":"ListItem","position":2,"name":"Politique de confidentialit\u00e9"}]},{"@type":"WebSite","@id":"https:\/\/cardoseti.fr\/#website","url":"https:\/\/cardoseti.fr\/","name":"CARDOSETI","description":"Machines de Fabrication Emballage &amp; Conditionnement","publisher":{"@id":"https:\/\/cardoseti.fr\/#organization"},"potentialAction":[{"@type":"SearchAction","target":{"@type":"EntryPoint","urlTemplate":"https:\/\/cardoseti.fr\/?s={search_term_string}"},"query-input":{"@type":"PropertyValueSpecification","valueRequired":true,"valueName":"search_term_string"}}],"inLanguage":"fr-FR"},{"@type":"Organization","@id":"https:\/\/cardoseti.fr\/#organization","name":"CARDOETI","url":"https:\/\/cardoseti.fr\/","logo":{"@type":"ImageObject","inLanguage":"fr-FR","@id":"https:\/\/cardoseti.fr\/#\/schema\/logo\/image\/","url":"https:\/\/cardoseti.fr\/wp-content\/uploads\/2018\/10\/LogoV6.3.jpg","contentUrl":"https:\/\/cardoseti.fr\/wp-content\/uploads\/2018\/10\/LogoV6.3.jpg","width":339,"height":143,"caption":"CARDOETI"},"image":{"@id":"https:\/\/cardoseti.fr\/#\/schema\/logo\/image\/"}}]}},"_links":{"self":[{"href":"https:\/\/cardoseti.fr\/index.php\/wp-json\/wp\/v2\/pages\/340","targetHints":{"allow":["GET"]}}],"collection":[{"href":"https:\/\/cardoseti.fr\/index.php\/wp-json\/wp\/v2\/pages"}],"about":[{"href":"https:\/\/cardoseti.fr\/index.php\/wp-json\/wp\/v2\/types\/page"}],"author":[{"embeddable":true,"href":"https:\/\/cardoseti.fr\/index.php\/wp-json\/wp\/v2\/users\/1"}],"replies":[{"embeddable":true,"href":"https:\/\/cardoseti.fr\/index.php\/wp-json\/wp\/v2\/comments?post=340"}],"version-history":[{"count":0,"href":"https:\/\/cardoseti.fr\/index.php\/wp-json\/wp\/v2\/pages\/340\/revisions"}],"wp:attachment":[{"href":"https:\/\/cardoseti.fr\/index.php\/wp-json\/wp\/v2\/media?parent=340"}],"curies":[{"name":"wp","href":"https:\/\/api.w.org\/{rel}","templated":true}]}}