{"id":157,"date":"2018-10-27T10:37:00","date_gmt":"2018-10-27T08:37:00","guid":{"rendered":"http:\/\/test.infco-services.fr\/test\/Cardoseti\/?page_id=157"},"modified":"2018-11-24T18:38:49","modified_gmt":"2018-11-24T17:38:49","slug":"actualites","status":"publish","type":"page","link":"https:\/\/cardoseti.fr\/index.php\/actualites\/","title":{"rendered":"ACTUALIT\u00c9S"},"content":{"rendered":"\t\t<div data-elementor-type=\"wp-post\" data-elementor-id=\"157\" class=\"elementor elementor-157 elementor-bc-flex-widget\" data-elementor-settings=\"{&quot;ha_cmc_init_switcher&quot;:&quot;no&quot;}\">\n\t\t\t\t\t\t<section class=\"elementor-section elementor-top-section elementor-element elementor-element-2705694 elementor-section-stretched elementor-section-full_width elementor-section-height-default elementor-section-height-default\" data-id=\"2705694\" data-element_type=\"section\" data-e-type=\"section\" data-settings=\"{&quot;stretch_section&quot;:&quot;section-stretched&quot;,&quot;_ha_eqh_enable&quot;:false}\">\n\t\t\t\t\t\t<div class=\"elementor-container elementor-column-gap-default\">\n\t\t\t\t\t<div class=\"elementor-column elementor-col-100 elementor-top-column elementor-element elementor-element-a66c395\" data-id=\"a66c395\" data-element_type=\"column\" data-e-type=\"column\">\n\t\t\t<div class=\"elementor-widget-wrap elementor-element-populated\">\n\t\t\t\t\t\t<div class=\"elementor-element elementor-element-2b53ad3 elementor-widget elementor-widget-heading\" data-id=\"2b53ad3\" data-element_type=\"widget\" data-e-type=\"widget\" data-widget_type=\"heading.default\">\n\t\t\t\t<div class=\"elementor-widget-container\">\n\t\t\t\t\t<h1 class=\"elementor-heading-title elementor-size-default\">ACTUALIT\u00c9S <\/h1>\t\t\t\t<\/div>\n\t\t\t\t<\/div>\n\t\t\t\t<div class=\"elementor-element elementor-element-d297c2c elementor-widget-divider--view-line elementor-widget elementor-widget-divider\" data-id=\"d297c2c\" data-element_type=\"widget\" data-e-type=\"widget\" data-widget_type=\"divider.default\">\n\t\t\t\t<div class=\"elementor-widget-container\">\n\t\t\t\t\t\t\t<div class=\"elementor-divider\">\n\t\t\t<span class=\"elementor-divider-separator\">\n\t\t\t\t\t\t<\/span>\n\t\t<\/div>\n\t\t\t\t\t\t<\/div>\n\t\t\t\t<\/div>\n\t\t\t\t\t<\/div>\n\t\t<\/div>\n\t\t\t\t\t<\/div>\n\t\t<\/section>\n\t\t\t\t<section class=\"elementor-section elementor-top-section elementor-element elementor-element-723973a elementor-section-boxed elementor-section-height-default elementor-section-height-default\" data-id=\"723973a\" data-element_type=\"section\" data-e-type=\"section\" data-settings=\"{&quot;_ha_eqh_enable&quot;:false}\">\n\t\t\t\t\t\t<div class=\"elementor-container elementor-column-gap-default\">\n\t\t\t\t\t<div class=\"elementor-column elementor-col-100 elementor-top-column elementor-element elementor-element-b6f0d14\" data-id=\"b6f0d14\" data-element_type=\"column\" data-e-type=\"column\">\n\t\t\t<div class=\"elementor-widget-wrap elementor-element-populated\">\n\t\t\t\t\t\t<div class=\"elementor-element elementor-element-8b2a26b elementor-widget elementor-widget-spacer\" data-id=\"8b2a26b\" data-element_type=\"widget\" data-e-type=\"widget\" data-widget_type=\"spacer.default\">\n\t\t\t\t<div class=\"elementor-widget-container\">\n\t\t\t\t\t\t\t<div class=\"elementor-spacer\">\n\t\t\t<div class=\"elementor-spacer-inner\"><\/div>\n\t\t<\/div>\n\t\t\t\t\t\t<\/div>\n\t\t\t\t<\/div>\n\t\t\t\t\t<\/div>\n\t\t<\/div>\n\t\t\t\t\t<\/div>\n\t\t<\/section>\n\t\t\t\t<section class=\"elementor-section elementor-top-section elementor-element elementor-element-8209fc7 elementor-section-stretched elementor-section-full_width elementor-section-height-default elementor-section-height-default\" data-id=\"8209fc7\" data-element_type=\"section\" data-e-type=\"section\" data-settings=\"{&quot;stretch_section&quot;:&quot;section-stretched&quot;,&quot;_ha_eqh_enable&quot;:false}\">\n\t\t\t\t\t\t<div class=\"elementor-container elementor-column-gap-default\">\n\t\t\t\t\t<div class=\"elementor-column elementor-col-100 elementor-top-column elementor-element elementor-element-18f409b\" data-id=\"18f409b\" data-element_type=\"column\" data-e-type=\"column\">\n\t\t\t<div class=\"elementor-widget-wrap elementor-element-populated\">\n\t\t\t\t\t\t<div class=\"elementor-element elementor-element-8f3ca92 elementor-widget elementor-widget-shortcode\" data-id=\"8f3ca92\" data-element_type=\"widget\" data-e-type=\"widget\" data-widget_type=\"shortcode.default\">\n\t\t\t\t<div class=\"elementor-widget-container\">\n\t\t\t\t\t\t\t<div class=\"elementor-shortcode\"><div class=\"pt-cv-wrapper\"><div class=\"pt-cv-view pt-cv-grid pt-cv-colsys\" id=\"pt-cv-view-4536fcfy3n\"><div data-id=\"pt-cv-page-1\" class=\"pt-cv-page\" data-cvc=\"4\"><div class=\"col-md-3 col-sm-6 col-xs-12 pt-cv-content-item pt-cv-1-col\" ><div class='pt-cv-ifield'><a href=\"https:\/\/cardoseti.fr\/index.php\/2018\/11\/23\/la-societe-cardoseti-se-developpe-et-cree-une-antenne-dans-le-nord-de-la-france\/\" class=\"_self pt-cv-href-thumbnail pt-cv-thumb-default\" target=\"_self\" ><\/a>\n<h4 class=\"pt-cv-title\"><a href=\"https:\/\/cardoseti.fr\/index.php\/2018\/11\/23\/la-societe-cardoseti-se-developpe-et-cree-une-antenne-dans-le-nord-de-la-france\/\" class=\"_self\" target=\"_self\" >La soci\u00e9t\u00e9 CARDOSETI se d\u00e9veloppe sur l&rsquo;ensemble du territoire fran\u00e7ais !<\/a><\/h4>\n<div class=\"pt-cv-content\">CARDOSETI se d\u00e9veloppe sur toute la France en renfor\u00e7ant son ...<br \/><div class=\"pt-cv-rmwrap\"><a href=\"https:\/\/cardoseti.fr\/index.php\/2018\/11\/23\/la-societe-cardoseti-se-developpe-et-cree-une-antenne-dans-le-nord-de-la-france\/\" class=\"_self pt-cv-readmore btn btn-success\" target=\"_self\">Lire La Suite\u2026<\/a><\/div><\/div><\/div><\/div><\/div><\/div><\/div><\/div>\n\t\t\t\t\t\t<\/div>\n\t\t\t\t<\/div>\n\t\t\t\t\t<\/div>\n\t\t<\/div>\n\t\t\t\t\t<\/div>\n\t\t<\/section>\n\t\t\t\t<\/div>\n\t\t","protected":false},"excerpt":{"rendered":"<p>ACTUALIT\u00c9S<\/p>\n","protected":false},"author":1,"featured_media":0,"parent":0,"menu_order":0,"comment_status":"closed","ping_status":"closed","template":"","meta":{"_exactmetrics_skip_tracking":false,"_exactmetrics_sitenote_active":false,"_exactmetrics_sitenote_note":"","_exactmetrics_sitenote_category":0,"footnotes":""},"class_list":["post-157","page","type-page","status-publish","hentry","wpbf-post"],"yoast_head":"<!-- This site is optimized with the Yoast SEO plugin v27.4 - https:\/\/yoast.com\/product\/yoast-seo-wordpress\/ -->\n<title>ACTUALIT\u00c9S - CARDOSETI<\/title>\n<meta name=\"robots\" content=\"index, follow, max-snippet:-1, max-image-preview:large, max-video-preview:-1\" \/>\n<link rel=\"canonical\" href=\"https:\/\/cardoseti.fr\/index.php\/actualites\/\" \/>\n<meta property=\"og:locale\" content=\"fr_FR\" \/>\n<meta property=\"og:type\" content=\"article\" \/>\n<meta property=\"og:title\" content=\"ACTUALIT\u00c9S - CARDOSETI\" \/>\n<meta property=\"og:description\" content=\"ACTUALIT\u00c9S\" \/>\n<meta property=\"og:url\" content=\"https:\/\/cardoseti.fr\/index.php\/actualites\/\" \/>\n<meta property=\"og:site_name\" content=\"CARDOSETI\" \/>\n<meta property=\"article:modified_time\" content=\"2018-11-24T17:38:49+00:00\" \/>\n<meta name=\"twitter:card\" content=\"summary_large_image\" \/>\n<script type=\"application\/ld+json\" class=\"yoast-schema-graph\">{\"@context\":\"https:\\\/\\\/schema.org\",\"@graph\":[{\"@type\":\"WebPage\",\"@id\":\"https:\\\/\\\/cardoseti.fr\\\/index.php\\\/actualites\\\/\",\"url\":\"https:\\\/\\\/cardoseti.fr\\\/index.php\\\/actualites\\\/\",\"name\":\"ACTUALIT\u00c9S - CARDOSETI\",\"isPartOf\":{\"@id\":\"https:\\\/\\\/cardoseti.fr\\\/#website\"},\"datePublished\":\"2018-10-27T08:37:00+00:00\",\"dateModified\":\"2018-11-24T17:38:49+00:00\",\"breadcrumb\":{\"@id\":\"https:\\\/\\\/cardoseti.fr\\\/index.php\\\/actualites\\\/#breadcrumb\"},\"inLanguage\":\"fr-FR\",\"potentialAction\":[{\"@type\":\"ReadAction\",\"target\":[\"https:\\\/\\\/cardoseti.fr\\\/index.php\\\/actualites\\\/\"]}]},{\"@type\":\"BreadcrumbList\",\"@id\":\"https:\\\/\\\/cardoseti.fr\\\/index.php\\\/actualites\\\/#breadcrumb\",\"itemListElement\":[{\"@type\":\"ListItem\",\"position\":1,\"name\":\"Accueil\",\"item\":\"https:\\\/\\\/cardoseti.fr\\\/\"},{\"@type\":\"ListItem\",\"position\":2,\"name\":\"ACTUALIT\u00c9S\"}]},{\"@type\":\"WebSite\",\"@id\":\"https:\\\/\\\/cardoseti.fr\\\/#website\",\"url\":\"https:\\\/\\\/cardoseti.fr\\\/\",\"name\":\"CARDOSETI\",\"description\":\"Machines de Fabrication Emballage &amp; Conditionnement\",\"publisher\":{\"@id\":\"https:\\\/\\\/cardoseti.fr\\\/#organization\"},\"potentialAction\":[{\"@type\":\"SearchAction\",\"target\":{\"@type\":\"EntryPoint\",\"urlTemplate\":\"https:\\\/\\\/cardoseti.fr\\\/?s={search_term_string}\"},\"query-input\":{\"@type\":\"PropertyValueSpecification\",\"valueRequired\":true,\"valueName\":\"search_term_string\"}}],\"inLanguage\":\"fr-FR\"},{\"@type\":\"Organization\",\"@id\":\"https:\\\/\\\/cardoseti.fr\\\/#organization\",\"name\":\"CARDOETI\",\"url\":\"https:\\\/\\\/cardoseti.fr\\\/\",\"logo\":{\"@type\":\"ImageObject\",\"inLanguage\":\"fr-FR\",\"@id\":\"https:\\\/\\\/cardoseti.fr\\\/#\\\/schema\\\/logo\\\/image\\\/\",\"url\":\"https:\\\/\\\/cardoseti.fr\\\/wp-content\\\/uploads\\\/2018\\\/10\\\/LogoV6.3.jpg\",\"contentUrl\":\"https:\\\/\\\/cardoseti.fr\\\/wp-content\\\/uploads\\\/2018\\\/10\\\/LogoV6.3.jpg\",\"width\":339,\"height\":143,\"caption\":\"CARDOETI\"},\"image\":{\"@id\":\"https:\\\/\\\/cardoseti.fr\\\/#\\\/schema\\\/logo\\\/image\\\/\"}}]}<\/script>\n<!-- \/ Yoast SEO plugin. -->","yoast_head_json":{"title":"ACTUALIT\u00c9S - CARDOSETI","robots":{"index":"index","follow":"follow","max-snippet":"max-snippet:-1","max-image-preview":"max-image-preview:large","max-video-preview":"max-video-preview:-1"},"canonical":"https:\/\/cardoseti.fr\/index.php\/actualites\/","og_locale":"fr_FR","og_type":"article","og_title":"ACTUALIT\u00c9S - CARDOSETI","og_description":"ACTUALIT\u00c9S","og_url":"https:\/\/cardoseti.fr\/index.php\/actualites\/","og_site_name":"CARDOSETI","article_modified_time":"2018-11-24T17:38:49+00:00","twitter_card":"summary_large_image","schema":{"@context":"https:\/\/schema.org","@graph":[{"@type":"WebPage","@id":"https:\/\/cardoseti.fr\/index.php\/actualites\/","url":"https:\/\/cardoseti.fr\/index.php\/actualites\/","name":"ACTUALIT\u00c9S - CARDOSETI","isPartOf":{"@id":"https:\/\/cardoseti.fr\/#website"},"datePublished":"2018-10-27T08:37:00+00:00","dateModified":"2018-11-24T17:38:49+00:00","breadcrumb":{"@id":"https:\/\/cardoseti.fr\/index.php\/actualites\/#breadcrumb"},"inLanguage":"fr-FR","potentialAction":[{"@type":"ReadAction","target":["https:\/\/cardoseti.fr\/index.php\/actualites\/"]}]},{"@type":"BreadcrumbList","@id":"https:\/\/cardoseti.fr\/index.php\/actualites\/#breadcrumb","itemListElement":[{"@type":"ListItem","position":1,"name":"Accueil","item":"https:\/\/cardoseti.fr\/"},{"@type":"ListItem","position":2,"name":"ACTUALIT\u00c9S"}]},{"@type":"WebSite","@id":"https:\/\/cardoseti.fr\/#website","url":"https:\/\/cardoseti.fr\/","name":"CARDOSETI","description":"Machines de Fabrication Emballage &amp; Conditionnement","publisher":{"@id":"https:\/\/cardoseti.fr\/#organization"},"potentialAction":[{"@type":"SearchAction","target":{"@type":"EntryPoint","urlTemplate":"https:\/\/cardoseti.fr\/?s={search_term_string}"},"query-input":{"@type":"PropertyValueSpecification","valueRequired":true,"valueName":"search_term_string"}}],"inLanguage":"fr-FR"},{"@type":"Organization","@id":"https:\/\/cardoseti.fr\/#organization","name":"CARDOETI","url":"https:\/\/cardoseti.fr\/","logo":{"@type":"ImageObject","inLanguage":"fr-FR","@id":"https:\/\/cardoseti.fr\/#\/schema\/logo\/image\/","url":"https:\/\/cardoseti.fr\/wp-content\/uploads\/2018\/10\/LogoV6.3.jpg","contentUrl":"https:\/\/cardoseti.fr\/wp-content\/uploads\/2018\/10\/LogoV6.3.jpg","width":339,"height":143,"caption":"CARDOETI"},"image":{"@id":"https:\/\/cardoseti.fr\/#\/schema\/logo\/image\/"}}]}},"_links":{"self":[{"href":"https:\/\/cardoseti.fr\/index.php\/wp-json\/wp\/v2\/pages\/157","targetHints":{"allow":["GET"]}}],"collection":[{"href":"https:\/\/cardoseti.fr\/index.php\/wp-json\/wp\/v2\/pages"}],"about":[{"href":"https:\/\/cardoseti.fr\/index.php\/wp-json\/wp\/v2\/types\/page"}],"author":[{"embeddable":true,"href":"https:\/\/cardoseti.fr\/index.php\/wp-json\/wp\/v2\/users\/1"}],"replies":[{"embeddable":true,"href":"https:\/\/cardoseti.fr\/index.php\/wp-json\/wp\/v2\/comments?post=157"}],"version-history":[{"count":0,"href":"https:\/\/cardoseti.fr\/index.php\/wp-json\/wp\/v2\/pages\/157\/revisions"}],"wp:attachment":[{"href":"https:\/\/cardoseti.fr\/index.php\/wp-json\/wp\/v2\/media?parent=157"}],"curies":[{"name":"wp","href":"https:\/\/api.w.org\/{rel}","templated":true}]}}