{"id":149,"date":"2018-10-27T10:35:03","date_gmt":"2018-10-27T08:35:03","guid":{"rendered":"http:\/\/test.infco-services.fr\/test\/Cardoseti\/?page_id=149"},"modified":"2018-12-10T16:28:48","modified_gmt":"2018-12-10T15:28:48","slug":"votre-besoin","status":"publish","type":"page","link":"https:\/\/cardoseti.fr\/index.php\/votre-besoin\/","title":{"rendered":"VOTRE BESOIN"},"content":{"rendered":"\t\t<div data-elementor-type=\"wp-post\" data-elementor-id=\"149\" class=\"elementor elementor-149 elementor-bc-flex-widget\" data-elementor-settings=\"{&quot;ha_cmc_init_switcher&quot;:&quot;no&quot;}\">\n\t\t\t\t\t\t<section class=\"elementor-section elementor-top-section elementor-element elementor-element-3ae9450 elementor-section-stretched elementor-section-full_width elementor-section-height-default elementor-section-height-default\" data-id=\"3ae9450\" data-element_type=\"section\" data-e-type=\"section\" data-settings=\"{&quot;stretch_section&quot;:&quot;section-stretched&quot;,&quot;_ha_eqh_enable&quot;:false}\">\n\t\t\t\t\t\t<div class=\"elementor-container elementor-column-gap-default\">\n\t\t\t\t\t<div class=\"elementor-column elementor-col-100 elementor-top-column elementor-element elementor-element-01c4e39\" data-id=\"01c4e39\" data-element_type=\"column\" data-e-type=\"column\">\n\t\t\t<div class=\"elementor-widget-wrap elementor-element-populated\">\n\t\t\t\t\t\t<div class=\"elementor-element elementor-element-2828f5e elementor-widget elementor-widget-heading\" data-id=\"2828f5e\" data-element_type=\"widget\" data-e-type=\"widget\" data-widget_type=\"heading.default\">\n\t\t\t\t<div class=\"elementor-widget-container\">\n\t\t\t\t\t<h1 class=\"elementor-heading-title elementor-size-default\">VOTRE BESOIN<\/h1>\t\t\t\t<\/div>\n\t\t\t\t<\/div>\n\t\t\t\t<div class=\"elementor-element elementor-element-86d28d4 elementor-widget-divider--view-line elementor-widget elementor-widget-divider\" data-id=\"86d28d4\" data-element_type=\"widget\" data-e-type=\"widget\" data-widget_type=\"divider.default\">\n\t\t\t\t<div class=\"elementor-widget-container\">\n\t\t\t\t\t\t\t<div class=\"elementor-divider\">\n\t\t\t<span class=\"elementor-divider-separator\">\n\t\t\t\t\t\t<\/span>\n\t\t<\/div>\n\t\t\t\t\t\t<\/div>\n\t\t\t\t<\/div>\n\t\t\t\t\t<\/div>\n\t\t<\/div>\n\t\t\t\t\t<\/div>\n\t\t<\/section>\n\t\t\t\t<section class=\"elementor-section elementor-top-section elementor-element elementor-element-3b0464d elementor-section-boxed elementor-section-height-default elementor-section-height-default\" data-id=\"3b0464d\" data-element_type=\"section\" data-e-type=\"section\" data-settings=\"{&quot;_ha_eqh_enable&quot;:false}\">\n\t\t\t\t\t\t<div class=\"elementor-container elementor-column-gap-default\">\n\t\t\t\t\t<div class=\"elementor-column elementor-col-100 elementor-top-column elementor-element elementor-element-20bce90\" data-id=\"20bce90\" data-element_type=\"column\" data-e-type=\"column\">\n\t\t\t<div class=\"elementor-widget-wrap elementor-element-populated\">\n\t\t\t\t\t\t<div class=\"elementor-element elementor-element-fc5108b elementor-widget elementor-widget-spacer\" data-id=\"fc5108b\" data-element_type=\"widget\" data-e-type=\"widget\" data-widget_type=\"spacer.default\">\n\t\t\t\t<div class=\"elementor-widget-container\">\n\t\t\t\t\t\t\t<div class=\"elementor-spacer\">\n\t\t\t<div class=\"elementor-spacer-inner\"><\/div>\n\t\t<\/div>\n\t\t\t\t\t\t<\/div>\n\t\t\t\t<\/div>\n\t\t\t\t\t<\/div>\n\t\t<\/div>\n\t\t\t\t\t<\/div>\n\t\t<\/section>\n\t\t\t\t<section class=\"elementor-section elementor-top-section elementor-element elementor-element-9774aab elementor-section-stretched elementor-section-full_width elementor-section-height-default elementor-section-height-default\" data-id=\"9774aab\" data-element_type=\"section\" data-e-type=\"section\" data-settings=\"{&quot;stretch_section&quot;:&quot;section-stretched&quot;,&quot;_ha_eqh_enable&quot;:false}\">\n\t\t\t\t\t\t<div class=\"elementor-container elementor-column-gap-default\">\n\t\t\t\t\t<div class=\"elementor-column elementor-col-33 elementor-top-column elementor-element elementor-element-55fbccb\" data-id=\"55fbccb\" data-element_type=\"column\" data-e-type=\"column\">\n\t\t\t<div class=\"elementor-widget-wrap elementor-element-populated\">\n\t\t\t\t\t\t<div class=\"elementor-element elementor-element-6fa9e75 ha-has-bg-overlay elementor-widget elementor-widget-image\" data-id=\"6fa9e75\" data-element_type=\"widget\" data-e-type=\"widget\" data-widget_type=\"image.default\">\n\t\t\t\t<div class=\"elementor-widget-container\">\n\t\t\t\t\t\t\t\t\t\t\t\t\t\t\t<img fetchpriority=\"high\" decoding=\"async\" width=\"1024\" height=\"816\" src=\"https:\/\/cardoseti.fr\/wp-content\/uploads\/2018\/12\/Fabriquer-et-m\u00e9langer-1024x816.jpg\" class=\"attachment-large size-large wp-image-870\" alt=\"\" srcset=\"https:\/\/cardoseti.fr\/wp-content\/uploads\/2018\/12\/Fabriquer-et-m\u00e9langer-1024x816.jpg 1024w, https:\/\/cardoseti.fr\/wp-content\/uploads\/2018\/12\/Fabriquer-et-m\u00e9langer-300x239.jpg 300w, https:\/\/cardoseti.fr\/wp-content\/uploads\/2018\/12\/Fabriquer-et-m\u00e9langer-768x612.jpg 768w, https:\/\/cardoseti.fr\/wp-content\/uploads\/2018\/12\/Fabriquer-et-m\u00e9langer-e1544455161411.jpg 1047w\" sizes=\"(max-width: 1024px) 100vw, 1024px\" \/>\t\t\t\t\t\t\t\t\t\t\t\t\t\t\t<\/div>\n\t\t\t\t<\/div>\n\t\t\t\t<div class=\"elementor-element elementor-element-f106e4f ha-has-bg-overlay elementor-widget elementor-widget-heading\" data-id=\"f106e4f\" data-element_type=\"widget\" data-e-type=\"widget\" data-widget_type=\"heading.default\">\n\t\t\t\t<div class=\"elementor-widget-container\">\n\t\t\t\t\t<h3 class=\"elementor-heading-title elementor-size-medium\">FABRIQUER &amp; MELANGER<\/h3>\t\t\t\t<\/div>\n\t\t\t\t<\/div>\n\t\t\t\t<div class=\"elementor-element elementor-element-627c75d elementor-widget elementor-widget-text-editor\" data-id=\"627c75d\" data-element_type=\"widget\" data-e-type=\"widget\" data-widget_type=\"text-editor.default\">\n\t\t\t\t<div class=\"elementor-widget-container\">\n\t\t\t\t\t\t\t\t\t<p style=\"text-align: center;\">Vos mati\u00e8res : cr\u00e8mes, gels, parfums, poudres, rouges \u00e0 l\u00e8vres, peintures &#8230;<\/p>\t\t\t\t\t\t\t\t<\/div>\n\t\t\t\t<\/div>\n\t\t\t\t\t<\/div>\n\t\t<\/div>\n\t\t\t\t<div class=\"elementor-column elementor-col-33 elementor-top-column elementor-element elementor-element-d4fdb6f\" data-id=\"d4fdb6f\" data-element_type=\"column\" data-e-type=\"column\">\n\t\t\t<div class=\"elementor-widget-wrap elementor-element-populated\">\n\t\t\t\t\t\t<div class=\"elementor-element elementor-element-a7d63f9 elementor-widget elementor-widget-image\" data-id=\"a7d63f9\" data-element_type=\"widget\" data-e-type=\"widget\" data-widget_type=\"image.default\">\n\t\t\t\t<div class=\"elementor-widget-container\">\n\t\t\t\t\t\t\t\t\t\t\t\t\t\t\t<img decoding=\"async\" width=\"1024\" height=\"667\" src=\"https:\/\/cardoseti.fr\/wp-content\/uploads\/2018\/11\/BOUCHEUSE-OK-1024x667.jpg\" class=\"attachment-large size-large wp-image-379\" alt=\"\" srcset=\"https:\/\/cardoseti.fr\/wp-content\/uploads\/2018\/11\/BOUCHEUSE-OK-1024x667.jpg 1024w, https:\/\/cardoseti.fr\/wp-content\/uploads\/2018\/11\/BOUCHEUSE-OK-300x195.jpg 300w, https:\/\/cardoseti.fr\/wp-content\/uploads\/2018\/11\/BOUCHEUSE-OK-768x500.jpg 768w, https:\/\/cardoseti.fr\/wp-content\/uploads\/2018\/11\/BOUCHEUSE-OK.jpg 1280w\" sizes=\"(max-width: 1024px) 100vw, 1024px\" \/>\t\t\t\t\t\t\t\t\t\t\t\t\t\t\t<\/div>\n\t\t\t\t<\/div>\n\t\t\t\t<div class=\"elementor-element elementor-element-691dd9a ha-has-bg-overlay elementor-widget elementor-widget-heading\" data-id=\"691dd9a\" data-element_type=\"widget\" data-e-type=\"widget\" data-widget_type=\"heading.default\">\n\t\t\t\t<div class=\"elementor-widget-container\">\n\t\t\t\t\t<h3 class=\"elementor-heading-title elementor-size-medium\">REMPLIR &amp; BOUCHER<\/h3>\t\t\t\t<\/div>\n\t\t\t\t<\/div>\n\t\t\t\t<div class=\"elementor-element elementor-element-f4af161 elementor-widget elementor-widget-text-editor\" data-id=\"f4af161\" data-element_type=\"widget\" data-e-type=\"widget\" data-widget_type=\"text-editor.default\">\n\t\t\t\t<div class=\"elementor-widget-container\">\n\t\t\t\t\t\t\t\t\t<p style=\"text-align: center;\">Vos contenants: flacons, tubes, seringues, g\u00e9lules, sachets &#8230;<\/p>\t\t\t\t\t\t\t\t<\/div>\n\t\t\t\t<\/div>\n\t\t\t\t\t<\/div>\n\t\t<\/div>\n\t\t\t\t<div class=\"elementor-column elementor-col-33 elementor-top-column elementor-element elementor-element-0d070a2\" data-id=\"0d070a2\" data-element_type=\"column\" data-e-type=\"column\">\n\t\t\t<div class=\"elementor-widget-wrap elementor-element-populated\">\n\t\t\t\t\t\t<div class=\"elementor-element elementor-element-d2eaf6d elementor-widget elementor-widget-image\" data-id=\"d2eaf6d\" data-element_type=\"widget\" data-e-type=\"widget\" data-widget_type=\"image.default\">\n\t\t\t\t<div class=\"elementor-widget-container\">\n\t\t\t\t\t\t\t\t\t\t\t\t\t\t\t<img decoding=\"async\" width=\"719\" height=\"462\" src=\"https:\/\/cardoseti.fr\/wp-content\/uploads\/2018\/12\/Etiqueter-\u00e9tuyer3.jpg\" class=\"attachment-large size-large wp-image-872\" alt=\"\" srcset=\"https:\/\/cardoseti.fr\/wp-content\/uploads\/2018\/12\/Etiqueter-\u00e9tuyer3.jpg 719w, https:\/\/cardoseti.fr\/wp-content\/uploads\/2018\/12\/Etiqueter-\u00e9tuyer3-300x193.jpg 300w\" sizes=\"(max-width: 719px) 100vw, 719px\" \/>\t\t\t\t\t\t\t\t\t\t\t\t\t\t\t<\/div>\n\t\t\t\t<\/div>\n\t\t\t\t<div class=\"elementor-element elementor-element-7463ede ha-has-bg-overlay elementor-widget elementor-widget-heading\" data-id=\"7463ede\" data-element_type=\"widget\" data-e-type=\"widget\" data-widget_type=\"heading.default\">\n\t\t\t\t<div class=\"elementor-widget-container\">\n\t\t\t\t\t<h3 class=\"elementor-heading-title elementor-size-medium\">ETIQUETER &amp; EMBALLER<\/h3>\t\t\t\t<\/div>\n\t\t\t\t<\/div>\n\t\t\t\t<div class=\"elementor-element elementor-element-53321f1 elementor-widget elementor-widget-text-editor\" data-id=\"53321f1\" data-element_type=\"widget\" data-e-type=\"widget\" data-widget_type=\"text-editor.default\">\n\t\t\t\t<div class=\"elementor-widget-container\">\n\t\t\t\t\t\t\t\t\t<p style=\"text-align: center;\">Vos packagings: mise en \u00e9tuis,mise sous cellophane, mise en carton &#8230;<\/p>\t\t\t\t\t\t\t\t<\/div>\n\t\t\t\t<\/div>\n\t\t\t\t\t<\/div>\n\t\t<\/div>\n\t\t\t\t\t<\/div>\n\t\t<\/section>\n\t\t\t\t<section class=\"elementor-section elementor-top-section elementor-element elementor-element-6e69d6e elementor-section-boxed elementor-section-height-default elementor-section-height-default\" data-id=\"6e69d6e\" data-element_type=\"section\" data-e-type=\"section\" data-settings=\"{&quot;_ha_eqh_enable&quot;:false}\">\n\t\t\t\t\t\t<div class=\"elementor-container elementor-column-gap-default\">\n\t\t\t\t\t<div class=\"elementor-column elementor-col-100 elementor-top-column elementor-element elementor-element-fad354c\" data-id=\"fad354c\" data-element_type=\"column\" data-e-type=\"column\">\n\t\t\t<div class=\"elementor-widget-wrap elementor-element-populated\">\n\t\t\t\t\t\t<div class=\"elementor-element elementor-element-156b5a6 elementor-widget elementor-widget-spacer\" data-id=\"156b5a6\" data-element_type=\"widget\" data-e-type=\"widget\" data-widget_type=\"spacer.default\">\n\t\t\t\t<div class=\"elementor-widget-container\">\n\t\t\t\t\t\t\t<div class=\"elementor-spacer\">\n\t\t\t<div class=\"elementor-spacer-inner\"><\/div>\n\t\t<\/div>\n\t\t\t\t\t\t<\/div>\n\t\t\t\t<\/div>\n\t\t\t\t\t<\/div>\n\t\t<\/div>\n\t\t\t\t\t<\/div>\n\t\t<\/section>\n\t\t\t\t<\/div>\n\t\t","protected":false},"excerpt":{"rendered":"<p>VOTRE BESOIN FABRIQUER &amp; MELANGER Vos mati\u00e8res : cr\u00e8mes, gels, parfums, poudres, rouges \u00e0 l\u00e8vres, peintures &#8230; REMPLIR &amp; BOUCHER Vos contenants: flacons, tubes, seringues, g\u00e9lules, sachets &#8230; ETIQUETER &amp; EMBALLER Vos packagings: mise en \u00e9tuis,mise sous cellophane, mise en carton &#8230;<\/p>\n","protected":false},"author":1,"featured_media":0,"parent":0,"menu_order":0,"comment_status":"closed","ping_status":"closed","template":"","meta":{"_exactmetrics_skip_tracking":false,"_exactmetrics_sitenote_active":false,"_exactmetrics_sitenote_note":"","_exactmetrics_sitenote_category":0,"footnotes":""},"class_list":["post-149","page","type-page","status-publish","hentry","wpbf-post"],"yoast_head":"<!-- This site is optimized with the Yoast SEO plugin v27.6 - https:\/\/yoast.com\/product\/yoast-seo-wordpress\/ -->\n<title>VOTRE BESOIN - CARDOSETI<\/title>\n<meta name=\"robots\" content=\"index, follow, max-snippet:-1, max-image-preview:large, max-video-preview:-1\" \/>\n<link rel=\"canonical\" href=\"https:\/\/cardoseti.fr\/index.php\/votre-besoin\/\" \/>\n<meta property=\"og:locale\" content=\"fr_FR\" \/>\n<meta property=\"og:type\" content=\"article\" \/>\n<meta property=\"og:title\" content=\"VOTRE BESOIN - CARDOSETI\" \/>\n<meta property=\"og:description\" content=\"VOTRE BESOIN FABRIQUER &amp; MELANGER Vos mati\u00e8res : cr\u00e8mes, gels, parfums, poudres, rouges \u00e0 l\u00e8vres, peintures &#8230; REMPLIR &amp; BOUCHER Vos contenants: flacons, tubes, seringues, g\u00e9lules, sachets &#8230; ETIQUETER &amp; EMBALLER Vos packagings: mise en \u00e9tuis,mise sous cellophane, mise en carton &#8230;\" \/>\n<meta property=\"og:url\" content=\"https:\/\/cardoseti.fr\/index.php\/votre-besoin\/\" \/>\n<meta property=\"og:site_name\" content=\"CARDOSETI\" \/>\n<meta property=\"article:modified_time\" content=\"2018-12-10T15:28:48+00:00\" \/>\n<meta property=\"og:image\" content=\"http:\/\/cardoseti.fr\/wp-content\/uploads\/2018\/11\/BOUCHEUSE-OK-1024x667.jpg\" \/>\n<meta name=\"twitter:card\" content=\"summary_large_image\" \/>\n<script type=\"application\/ld+json\" class=\"yoast-schema-graph\">{\"@context\":\"https:\\\/\\\/schema.org\",\"@graph\":[{\"@type\":\"WebPage\",\"@id\":\"https:\\\/\\\/cardoseti.fr\\\/index.php\\\/votre-besoin\\\/\",\"url\":\"https:\\\/\\\/cardoseti.fr\\\/index.php\\\/votre-besoin\\\/\",\"name\":\"VOTRE BESOIN - CARDOSETI\",\"isPartOf\":{\"@id\":\"https:\\\/\\\/cardoseti.fr\\\/#website\"},\"primaryImageOfPage\":{\"@id\":\"https:\\\/\\\/cardoseti.fr\\\/index.php\\\/votre-besoin\\\/#primaryimage\"},\"image\":{\"@id\":\"https:\\\/\\\/cardoseti.fr\\\/index.php\\\/votre-besoin\\\/#primaryimage\"},\"thumbnailUrl\":\"http:\\\/\\\/cardoseti.fr\\\/wp-content\\\/uploads\\\/2018\\\/11\\\/BOUCHEUSE-OK-1024x667.jpg\",\"datePublished\":\"2018-10-27T08:35:03+00:00\",\"dateModified\":\"2018-12-10T15:28:48+00:00\",\"breadcrumb\":{\"@id\":\"https:\\\/\\\/cardoseti.fr\\\/index.php\\\/votre-besoin\\\/#breadcrumb\"},\"inLanguage\":\"fr-FR\",\"potentialAction\":[{\"@type\":\"ReadAction\",\"target\":[\"https:\\\/\\\/cardoseti.fr\\\/index.php\\\/votre-besoin\\\/\"]}]},{\"@type\":\"ImageObject\",\"inLanguage\":\"fr-FR\",\"@id\":\"https:\\\/\\\/cardoseti.fr\\\/index.php\\\/votre-besoin\\\/#primaryimage\",\"url\":\"http:\\\/\\\/cardoseti.fr\\\/wp-content\\\/uploads\\\/2018\\\/11\\\/BOUCHEUSE-OK-1024x667.jpg\",\"contentUrl\":\"http:\\\/\\\/cardoseti.fr\\\/wp-content\\\/uploads\\\/2018\\\/11\\\/BOUCHEUSE-OK-1024x667.jpg\"},{\"@type\":\"BreadcrumbList\",\"@id\":\"https:\\\/\\\/cardoseti.fr\\\/index.php\\\/votre-besoin\\\/#breadcrumb\",\"itemListElement\":[{\"@type\":\"ListItem\",\"position\":1,\"name\":\"Accueil\",\"item\":\"https:\\\/\\\/cardoseti.fr\\\/\"},{\"@type\":\"ListItem\",\"position\":2,\"name\":\"VOTRE BESOIN\"}]},{\"@type\":\"WebSite\",\"@id\":\"https:\\\/\\\/cardoseti.fr\\\/#website\",\"url\":\"https:\\\/\\\/cardoseti.fr\\\/\",\"name\":\"CARDOSETI\",\"description\":\"Machines de Fabrication Emballage &amp; Conditionnement\",\"publisher\":{\"@id\":\"https:\\\/\\\/cardoseti.fr\\\/#organization\"},\"potentialAction\":[{\"@type\":\"SearchAction\",\"target\":{\"@type\":\"EntryPoint\",\"urlTemplate\":\"https:\\\/\\\/cardoseti.fr\\\/?s={search_term_string}\"},\"query-input\":{\"@type\":\"PropertyValueSpecification\",\"valueRequired\":true,\"valueName\":\"search_term_string\"}}],\"inLanguage\":\"fr-FR\"},{\"@type\":\"Organization\",\"@id\":\"https:\\\/\\\/cardoseti.fr\\\/#organization\",\"name\":\"CARDOETI\",\"url\":\"https:\\\/\\\/cardoseti.fr\\\/\",\"logo\":{\"@type\":\"ImageObject\",\"inLanguage\":\"fr-FR\",\"@id\":\"https:\\\/\\\/cardoseti.fr\\\/#\\\/schema\\\/logo\\\/image\\\/\",\"url\":\"https:\\\/\\\/cardoseti.fr\\\/wp-content\\\/uploads\\\/2018\\\/10\\\/LogoV6.3.jpg\",\"contentUrl\":\"https:\\\/\\\/cardoseti.fr\\\/wp-content\\\/uploads\\\/2018\\\/10\\\/LogoV6.3.jpg\",\"width\":339,\"height\":143,\"caption\":\"CARDOETI\"},\"image\":{\"@id\":\"https:\\\/\\\/cardoseti.fr\\\/#\\\/schema\\\/logo\\\/image\\\/\"}}]}<\/script>\n<!-- \/ Yoast SEO plugin. -->","yoast_head_json":{"title":"VOTRE BESOIN - CARDOSETI","robots":{"index":"index","follow":"follow","max-snippet":"max-snippet:-1","max-image-preview":"max-image-preview:large","max-video-preview":"max-video-preview:-1"},"canonical":"https:\/\/cardoseti.fr\/index.php\/votre-besoin\/","og_locale":"fr_FR","og_type":"article","og_title":"VOTRE BESOIN - CARDOSETI","og_description":"VOTRE BESOIN FABRIQUER &amp; MELANGER Vos mati\u00e8res : cr\u00e8mes, gels, parfums, poudres, rouges \u00e0 l\u00e8vres, peintures &#8230; REMPLIR &amp; BOUCHER Vos contenants: flacons, tubes, seringues, g\u00e9lules, sachets &#8230; ETIQUETER &amp; EMBALLER Vos packagings: mise en \u00e9tuis,mise sous cellophane, mise en carton &#8230;","og_url":"https:\/\/cardoseti.fr\/index.php\/votre-besoin\/","og_site_name":"CARDOSETI","article_modified_time":"2018-12-10T15:28:48+00:00","og_image":[{"url":"http:\/\/cardoseti.fr\/wp-content\/uploads\/2018\/11\/BOUCHEUSE-OK-1024x667.jpg","type":"","width":"","height":""}],"twitter_card":"summary_large_image","schema":{"@context":"https:\/\/schema.org","@graph":[{"@type":"WebPage","@id":"https:\/\/cardoseti.fr\/index.php\/votre-besoin\/","url":"https:\/\/cardoseti.fr\/index.php\/votre-besoin\/","name":"VOTRE BESOIN - CARDOSETI","isPartOf":{"@id":"https:\/\/cardoseti.fr\/#website"},"primaryImageOfPage":{"@id":"https:\/\/cardoseti.fr\/index.php\/votre-besoin\/#primaryimage"},"image":{"@id":"https:\/\/cardoseti.fr\/index.php\/votre-besoin\/#primaryimage"},"thumbnailUrl":"http:\/\/cardoseti.fr\/wp-content\/uploads\/2018\/11\/BOUCHEUSE-OK-1024x667.jpg","datePublished":"2018-10-27T08:35:03+00:00","dateModified":"2018-12-10T15:28:48+00:00","breadcrumb":{"@id":"https:\/\/cardoseti.fr\/index.php\/votre-besoin\/#breadcrumb"},"inLanguage":"fr-FR","potentialAction":[{"@type":"ReadAction","target":["https:\/\/cardoseti.fr\/index.php\/votre-besoin\/"]}]},{"@type":"ImageObject","inLanguage":"fr-FR","@id":"https:\/\/cardoseti.fr\/index.php\/votre-besoin\/#primaryimage","url":"http:\/\/cardoseti.fr\/wp-content\/uploads\/2018\/11\/BOUCHEUSE-OK-1024x667.jpg","contentUrl":"http:\/\/cardoseti.fr\/wp-content\/uploads\/2018\/11\/BOUCHEUSE-OK-1024x667.jpg"},{"@type":"BreadcrumbList","@id":"https:\/\/cardoseti.fr\/index.php\/votre-besoin\/#breadcrumb","itemListElement":[{"@type":"ListItem","position":1,"name":"Accueil","item":"https:\/\/cardoseti.fr\/"},{"@type":"ListItem","position":2,"name":"VOTRE BESOIN"}]},{"@type":"WebSite","@id":"https:\/\/cardoseti.fr\/#website","url":"https:\/\/cardoseti.fr\/","name":"CARDOSETI","description":"Machines de Fabrication Emballage &amp; Conditionnement","publisher":{"@id":"https:\/\/cardoseti.fr\/#organization"},"potentialAction":[{"@type":"SearchAction","target":{"@type":"EntryPoint","urlTemplate":"https:\/\/cardoseti.fr\/?s={search_term_string}"},"query-input":{"@type":"PropertyValueSpecification","valueRequired":true,"valueName":"search_term_string"}}],"inLanguage":"fr-FR"},{"@type":"Organization","@id":"https:\/\/cardoseti.fr\/#organization","name":"CARDOETI","url":"https:\/\/cardoseti.fr\/","logo":{"@type":"ImageObject","inLanguage":"fr-FR","@id":"https:\/\/cardoseti.fr\/#\/schema\/logo\/image\/","url":"https:\/\/cardoseti.fr\/wp-content\/uploads\/2018\/10\/LogoV6.3.jpg","contentUrl":"https:\/\/cardoseti.fr\/wp-content\/uploads\/2018\/10\/LogoV6.3.jpg","width":339,"height":143,"caption":"CARDOETI"},"image":{"@id":"https:\/\/cardoseti.fr\/#\/schema\/logo\/image\/"}}]}},"_links":{"self":[{"href":"https:\/\/cardoseti.fr\/index.php\/wp-json\/wp\/v2\/pages\/149","targetHints":{"allow":["GET"]}}],"collection":[{"href":"https:\/\/cardoseti.fr\/index.php\/wp-json\/wp\/v2\/pages"}],"about":[{"href":"https:\/\/cardoseti.fr\/index.php\/wp-json\/wp\/v2\/types\/page"}],"author":[{"embeddable":true,"href":"https:\/\/cardoseti.fr\/index.php\/wp-json\/wp\/v2\/users\/1"}],"replies":[{"embeddable":true,"href":"https:\/\/cardoseti.fr\/index.php\/wp-json\/wp\/v2\/comments?post=149"}],"version-history":[{"count":0,"href":"https:\/\/cardoseti.fr\/index.php\/wp-json\/wp\/v2\/pages\/149\/revisions"}],"wp:attachment":[{"href":"https:\/\/cardoseti.fr\/index.php\/wp-json\/wp\/v2\/media?parent=149"}],"curies":[{"name":"wp","href":"https:\/\/api.w.org\/{rel}","templated":true}]}}